{"id":60,"date":"2023-06-22T08:33:26","date_gmt":"2023-06-22T08:33:26","guid":{"rendered":"https:\/\/ce-iperasmus.eu\/sl\/?page_id=60"},"modified":"2023-10-22T19:20:43","modified_gmt":"2023-10-22T19:20:43","slug":"novice","status":"publish","type":"page","link":"https:\/\/ce-iperasmus.eu\/sl\/novice\/","title":{"rendered":"Novice"},"content":{"rendered":"\n<p>9. decembra 2020 je potekalo \u00abKick-off\u00bb sre\u010danje. Zaradi pandemije, ki jo je povzro\u010dil COVID, so ga morali izvesti virtualno.<br>Cilji: Izvedba projekta, osredoto\u010dena na vidike upravljanja, predstavitev dejavnosti, priro\u010dnika upravljanja, na\u010drta kakovosti in na\u010drta diseminacije, ki so bili potrjeni na omenjenem sestanku. Predvidena je bila tudi izvedba intelektualnih produktov. Poleg na\u010drtovanja programiranja in oblikovanja spletne strani so bili dogovorjeni \u010dasovni na\u010drt projekta ter dejavnosti komuniciranja in raz\u0161irjanja. Nazadnje je bil na\u010drtovan te\u010daj o klju\u010dnih konceptih kro\u017enega gospodarstva, vzpostavitev delovne skupine za njegovo organizacijo, pripravo programa in dolo\u010ditev kriterijev za izbor udele\u017eencev.<\/p>\n\n\n\n<figure class=\"wp-block-image\"><img decoding=\"async\" src=\"https:\/\/www.ce-iperasmus.eu\/wp-content\/uploads\/2023\/01\/image-1024x436.png\" alt=\"\" class=\"wp-image-5613\"\/><\/figure>\n\n\n\n<p><strong>TE\u010cAJ O KLJU\u010cNIH POJMIH KRO\u017dNEGA GOSPODARSTVA<\/strong><\/p>\n\n\n\n<p>11. februarja 2021 je potekalo predavanje Klju\u010dni koncepti kro\u017enega gospodarstva. Zaradi omejitev, ki jih je povzro\u010dila pandemija, je moral tako kot Kick-off potekati na spletu.<br>Te\u010daj o klju\u010dnih konceptih kro\u017enega gospodarstva (online): Ta aktivnost je bila namenjena razli\u010dnim strokovnjakom za trajnost iz partnerskih organizacij. Bili so klju\u010dni ljudje v projektu, saj so sodelovali pri razli\u010dnih aktivnostih in bili vklju\u010deni v razvoj treh intelektualnih produktov. Te\u010daj je bil izveden na spletu, organiziral ga je UJI v mesecu februarju (po uvodnem sre\u010danju, ki je potekalo decembra), pred za\u010detkom<br>razvijati intelektualne izdelke. Strokovnjake je izbrala vsaka partnerska organizacija (trije na partnerja, razen UJI, ki je prispeval 6, skupaj 21 udele\u017eencev), v skladu z zahtevami, ki jih je dolo\u010dila delovna skupina, ki je bila oblikovana po za\u010detnem transnacionalnem sre\u010danju, v skladu s Curriculum Europass. model vitae in s kratkim intervjujem.<br>Glavne zahteve so bile znanje angle\u0161kega jezika, pripravljenost sodelovati pri razvoju projekta ter dobro poznavanje kro\u017enega gospodarstva in trajnosti. Cilj dejavnosti je bil ustvariti medsebojno razumevanje med razli\u010dnimi strokovnjaki o klju\u010dnih konceptih, ki se razvijajo skozi projekt. Kro\u017eno gospodarstvo in trajnost sta uveljavljena kot klju\u010dna koncepta in kako je to mogo\u010de prevesti v prakti\u010dne ukrepe.<br>Ti koncepti se nahajajo na meji znanja razli\u010dnih disciplin, zato je treba \u017ee na za\u010detku projekta razjasniti fokus, stopnjo globine, obseg in razmerja med njimi.<\/p>\n\n\n\n<ul><\/ul>\n\n\n\n<figure class=\"wp-block-image\"><img decoding=\"async\" src=\"https:\/\/www.ce-iperasmus.eu\/wp-content\/uploads\/2023\/01\/image-1.png\" alt=\"\" class=\"wp-image-5617\"\/><\/figure>\n\n\n\n<p>Poteka na spletu, 21. aprila 2021<br>Cilji: Na sre\u010danju je bilo predstavljeno stanje intelektualnega produkta O1. \u00abVodnik za usposabljanje o strategijah upravljanja kro\u017enega gospodarstva za mikropodjetja.\u00bb Zadnje naloge omenjenega intelektualnega produkta so bile na\u010drtovane. Na\u010drtovana je bila realizacija intelektualnega produkta O2 \u00bb360\u00ba spletni multimedijski izobra\u017eevalni viri o dobrih praksah in inovativnih na\u010dinih za podalj\u0161anje \u017eivljenjske dobe tekstilnih izdelkov\u00ab. Evalvirana in spremljana je bila tudi u\u010dna dejavnost, razvita v mesecu februarju 2021. Na\u010drtovane so bile naslednje dejavnosti raz\u0161irjanja.<\/p>\n\n\n\n<figure class=\"wp-block-image\"><img decoding=\"async\" src=\"https:\/\/www.ce-iperasmus.eu\/wp-content\/uploads\/2023\/01\/image-2.png\" alt=\"\" class=\"wp-image-5618\"\/><\/figure>\n\n\n\n<p><strong>TRETJE TRANSNACIONALNO SRE\u010cANJE PROJEKTA<\/strong><\/p>\n\n\n\n<p>19. in 20. oktobra 2021 je kon\u010dno potekalo Tretje transnacionalno sre\u010danje v Sloveniji osebno.<br>Cilji so bili: predstavitev intelektualnega produkta O1 partnerjem in njegova ocena s strani vseh udele\u017eencev. Analizirajte poro\u010dila o spremljanju. Predstavite stanje intelektualnega izdelka O2 \u00ab360\u00ba spletni multimedijski viri za usposabljanje o dobrih praksah in inovativnih na\u010dinih za podalj\u0161anje uporabne \u017eivljenjske dobe tekstilnih izdelkov.\u00bb Predstavite poro\u010dila v zvezi z dejavnostmi raz\u0161irjanja.<\/p>\n\n\n\n<ul><\/ul>\n\n\n\n<figure class=\"wp-block-image\"><img decoding=\"async\" src=\"https:\/\/www.ce-iperasmus.eu\/wp-content\/uploads\/2023\/01\/image-3-1024x768.png\" alt=\"\" class=\"wp-image-5623\"\/><\/figure>\n\n\n\n<p><strong>\u010cETRTO TRANSNACIONALNO SRE\u010cANJE PROJEKTA<\/strong><\/p>\n\n\n\n<p>i01. n 2. junija 2022 je kon\u010dno potekalo \u010detrto transnacionalno sre\u010danje v Nem\u010diji osebno.<br>Cilji so bili: Predstavitev intelektualnega izdelka O2 partnerjem in njegova ocena s strani vseh udele\u017eencev. Na\u010drtovanje realizacije intelektualnega produkta O3 \u00bbE-izobra\u017eevanje za trenerje kro\u017enega gospodarstva\u00ab. Na\u010drtovanje dejavnosti raz\u0161irjanja.<\/p>\n\n\n\n<ul><\/ul>\n\n\n\n<figure class=\"wp-block-image\"><img decoding=\"async\" src=\"https:\/\/www.ce-iperasmus.eu\/wp-content\/uploads\/2023\/01\/image-4-1024x768.png\" alt=\"\" class=\"wp-image-5626\"\/><\/figure>\n\n\n\n<p><strong>PETO MEDNARODNO SRE\u010cANJE PROJEKTA<\/strong><\/p>\n\n\n\n<p>8. in 9. novembra 2022 je v Lecceju potekalo peto transnacionalno sre\u010danje v Italiji.<br>Cilji so bili: Partnerjem predstaviti intelektualni izdelek O2 v vseh partnerskih jezikih. Konfiguracija naslova IO3. Na\u010drtovanje pilotnega te\u010daja za odrasle trenerje v kro\u017enem gospodarstvu. Predstavitev poro\u010dil o spremljanju s strani vsakega partnerja. Na\u010drtujte dejavnosti raz\u0161irjanja projekta.<\/p>\n\n\n\n<ul><\/ul>\n\n\n\n<figure class=\"wp-block-image size-large\"><img decoding=\"async\" loading=\"lazy\" width=\"1024\" height=\"768\" src=\"https:\/\/ce-iperasmus.eu\/sl\/wp-content\/uploads\/2023\/06\/313431452_207176641653302_7655853785075197653_n-1024x768.jpg\" alt=\"\" class=\"wp-image-67\" srcset=\"https:\/\/ce-iperasmus.eu\/sl\/wp-content\/uploads\/2023\/06\/313431452_207176641653302_7655853785075197653_n-1024x768.jpg 1024w, https:\/\/ce-iperasmus.eu\/sl\/wp-content\/uploads\/2023\/06\/313431452_207176641653302_7655853785075197653_n-300x225.jpg 300w, https:\/\/ce-iperasmus.eu\/sl\/wp-content\/uploads\/2023\/06\/313431452_207176641653302_7655853785075197653_n-768x576.jpg 768w, https:\/\/ce-iperasmus.eu\/sl\/wp-content\/uploads\/2023\/06\/313431452_207176641653302_7655853785075197653_n-1536x1152.jpg 1536w, https:\/\/ce-iperasmus.eu\/sl\/wp-content\/uploads\/2023\/06\/313431452_207176641653302_7655853785075197653_n.jpg 2048w\" sizes=\"(max-width: 1024px) 100vw, 1024px\" \/><\/figure>\n\n\n\n<p><strong>ZAKLJU\u010cNO SRE\u010cANJE<\/strong><\/p>\n\n\n\n<p>6. in 7. junija 2023 je bil razvit zaklju\u010dni sestanek projekta v Zaragozi.<br>Cilji so bili: Predstaviti intelektualni izdelek O3 partnerjem. Poro\u010dilo o rezultatih akcije usposabljanja pilotov. Na\u010drtovanje kon\u010dnega poro\u010dila. Organizacija mno\u017ei\u010dnih dogodkov. Trajnostni na\u010drt projekta. Poro\u010dila o akcijah raz\u0161irjanja partnerjev.<\/p>\n\n\n\n<ul><\/ul>\n\n\n\n<figure class=\"wp-block-image aligncenter size-full\"><img decoding=\"async\" loading=\"lazy\" width=\"1024\" height=\"768\" src=\"https:\/\/ce-iperasmus.eu\/sl\/wp-content\/uploads\/2023\/06\/352089362_2509352222567244_5041689068257052249_n.jpg\" alt=\"\" class=\"wp-image-68\" srcset=\"https:\/\/ce-iperasmus.eu\/sl\/wp-content\/uploads\/2023\/06\/352089362_2509352222567244_5041689068257052249_n.jpg 1024w, https:\/\/ce-iperasmus.eu\/sl\/wp-content\/uploads\/2023\/06\/352089362_2509352222567244_5041689068257052249_n-300x225.jpg 300w, https:\/\/ce-iperasmus.eu\/sl\/wp-content\/uploads\/2023\/06\/352089362_2509352222567244_5041689068257052249_n-768x576.jpg 768w\" sizes=\"(max-width: 1024px) 100vw, 1024px\" \/><\/figure>\n","protected":false},"excerpt":{"rendered":"<p>9. decembra 2020 je potekalo \u00abKick-off\u00bb sre\u010danje. Zaradi pandemije, ki jo je povzro\u010dil COVID, so ga morali izvesti virtualno.Cilji: Izvedba projekta, osredoto\u010dena na vidike upravljanja, predstavitev dejavnosti, priro\u010dnika upravljanja, na\u010drta kakovosti in na\u010drta diseminacije, ki so bili potrjeni na omenjenem sestanku. Predvidena je bila tudi izvedba intelektualnih produktov. Poleg na\u010drtovanja programiranja in oblikovanja spletne strani [&hellip;]<\/p>\n","protected":false},"author":1,"featured_media":0,"parent":0,"menu_order":0,"comment_status":"closed","ping_status":"closed","template":"","meta":[],"_links":{"self":[{"href":"https:\/\/ce-iperasmus.eu\/sl\/wp-json\/wp\/v2\/pages\/60"}],"collection":[{"href":"https:\/\/ce-iperasmus.eu\/sl\/wp-json\/wp\/v2\/pages"}],"about":[{"href":"https:\/\/ce-iperasmus.eu\/sl\/wp-json\/wp\/v2\/types\/page"}],"author":[{"embeddable":true,"href":"https:\/\/ce-iperasmus.eu\/sl\/wp-json\/wp\/v2\/users\/1"}],"replies":[{"embeddable":true,"href":"https:\/\/ce-iperasmus.eu\/sl\/wp-json\/wp\/v2\/comments?post=60"}],"version-history":[{"count":5,"href":"https:\/\/ce-iperasmus.eu\/sl\/wp-json\/wp\/v2\/pages\/60\/revisions"}],"predecessor-version":[{"id":80,"href":"https:\/\/ce-iperasmus.eu\/sl\/wp-json\/wp\/v2\/pages\/60\/revisions\/80"}],"wp:attachment":[{"href":"https:\/\/ce-iperasmus.eu\/sl\/wp-json\/wp\/v2\/media?parent=60"}],"curies":[{"name":"wp","href":"https:\/\/api.w.org\/{rel}","templated":true}]}}