{"id":49,"date":"2023-06-22T06:22:25","date_gmt":"2023-06-22T06:22:25","guid":{"rendered":"https:\/\/ce-iperasmus.eu\/sl\/?page_id=49"},"modified":"2023-06-23T01:46:38","modified_gmt":"2023-06-23T01:46:38","slug":"nas-projekt","status":"publish","type":"page","link":"https:\/\/ce-iperasmus.eu\/sl\/nas-projekt\/","title":{"rendered":"Na\u0161 projekt"},"content":{"rendered":"\n<p>Kro\u017eno gospodarstvo predstavlja prilo\u017enost za odpravo neravnovesij in gro\u017eenj na trgu dela. Pri\u010dakuje se, da bodo politike kro\u017enega gospodarstva pomagale zmanj\u0161ati vplive na okolje in hkrati ustvarjale vi\u0161jo stopnjo zaposlenosti. S prehodom na bolj kro\u017eno gospodarstvo naj bi se BDP v EU do leta 2030 pove\u010dal za skoraj 0,5 %. Glede na poro\u010dilo Cambridge Econometrics, Trinomics in ICF (2018) bo neto pove\u010danje ocenjenih poklicev zna\u0161alo pribli\u017eno 700.000.<\/p>\n\n\n\n<p>V prihodnjih letih se bo obseg sektorjev, ki proizvajajo in predelujejo surovine, zmanj\u0161al, medtem ko bodo sektorji ravnanja z odpadki, recikliranja in popravil do\u017eiveli dodatno rast.<\/p>\n\n\n\n<p>Zato je cilj projekta CE-IP razviti nove re\u0161itve za usposabljanje, ki lahko pomagajo uskladiti pri\u010dakovano \u0161iritev zelenih zaposlitvenih mo\u017enosti z usposobljenimi delavci in tako spodbuditi prehod na bolj trajnostno gospodarstvo.<\/p>\n\n\n\n<p>Na\u0161 projekt bo zagotovil re\u0161itve za usposabljanje v zvezi z obstoje\u010dimi delovnimi mesti v sektorju recikliranja ter nove zelene in po\u0161tene delovne prilo\u017enosti za nizko kvalificirane odrasle, vklju\u010dno z brezposelnimi mladimi.<\/p>\n\n\n\n<p>Dejavnosti, ki jih je treba razviti, se bodo osredoto\u010dile na pridobivanje novih spretnosti in prilo\u017enosti za dostop do zelenih in po\u0161tenih poklicev, povezanih predvsem s kro\u017enim gospodarstvom v smislu ravnanja z odpadnimi obla\u010dili.<\/p>\n\n\n\n<p>Zato se bo projekt osredoto\u010dil na kro\u017eno gospodarstvo v tekstilnem sektorju.<\/p>\n\n\n\n<p>Ciljne skupine projekta so:<\/p>\n\n\n\n<p>Samozaposleni, brezposelni in nizkokvalificirani delavci, ki prihajajo iz drugih proizvodnih sektorjev.<\/p>\n\n\n\n<p>Izvajalci sistemov nadaljnjega izobra\u017eevanja, ki vodijo te\u010daje za odrasle, povezane z novimi zaposlitvenimi mo\u017enostmi.<\/p>\n\n\n\n<p>Ostali cilji so:<\/p>\n\n\n\n<p>Spodbujanje samozaposlovanja nizko kvalificiranih delavcev, povezanega s temi dejavnostmi.<\/p>\n\n\n\n<p>Oblikovanje novih inovativnih re\u0161itev za usposabljanje, povezanih s prilo\u017enostmi v kro\u017enem gospodarstvu.<\/p>\n\n\n\n<p>Zdru\u017eenje, ki bo razvijalo projekt, sestavlja \u0161est organizacij iz petih dr\u017eav:<\/p>\n\n\n\n<p>Univerza Jaume I v Castell\u00f3nu kot vodilni partner projekta (\u0160panija).<br>AEGARE &#8211; Zdru\u017eenje galicijskih poslovne\u017eev v Aragoniji in na bregovih reke Ebro (\u0160panija).<br><\/p>\n\n\n\n<p>Univerza Jaume I v Castell\u00f3nu kot vodilni partner projekta (\u0160panija).<br>AEGARE &#8211; Zdru\u017eenje galicijskih poslovne\u017eev v Aragoniji in na bregovih reke Ebro (\u0160panija).<br><\/p>\n\n\n\n<p>Univerza Jaume I v Castell\u00f3nu kot vodilni partner projekta (\u0160panija).<br>AEGARE &#8211; Zdru\u017eenje galicijskih poslovne\u017eev v Aragoniji in na bregovih reke Ebro (\u0160panija).<br>Cologne Business School (Nem\u010dija).<br>In\u0161titut za socialne inovacije in kohezijo (Gr\u010dija).<br>Razvojna agencija Sotla (Slovenija).<br>CNIPA Puglia (Italija).<\/p>\n\n\n\n<p>Poleg tega bodo ustvarjeni naslednji intelektualni rezultati:<\/p>\n\n\n\n<p>O1. Vodnik za usposabljanje za strategije upravljanja kro\u017enega gospodarstva za mikropodjetja.<br>O2. 360\u00ba spletni multimedijski viri usposabljanja o dobrih praksah in inovativnih na\u010dinih za podalj\u0161anje \u017eivljenjske dobe tekstilnih izdelkov.<br>O3. E-u\u010denje za vodje usposabljanja o kro\u017enem gospodarstvu.<\/p>\n\n\n\n<p>V okviru razvoja tega intelektualnega izdelka se bo za\u010del pilotni te\u010daj za 60 trenerjev, katerega kon\u010dni rezultat bo, da bo vsak trener oblikoval te\u010daj usposabljanja za nekvalificirane odrasle.<\/p>\n\n\n\n<p>180 brezposelnih, samozaposlenih in nizkokvalificiranih delavcev bo sodelovalo pri testiranju intelektualnih rezultatov projekta.<\/p>\n\n\n\n<p>Kot rezultat izvajanja projekta se pri\u010dakuje:<\/p>\n\n\n\n<p>Razvoj pedago\u0161kih ve\u0161\u010din izobra\u017eevalcev odraslih na podro\u010dju kro\u017enega gospodarstva.<\/p>\n\n\n\n<p>Inovativne re\u0161itve za usposabljanje na tem podro\u010dju z uporabo digitalnih tehnologij.<\/p>\n\n\n\n<p>Spodbujanje kro\u017enega gospodarstva z ustvarjanjem mikropodjetij na podro\u010dju ravnanja z odpadnimi obla\u010dili (tekstilni sektor).<\/p>\n\n\n\n<p>Razvoj in \u0161irjenje kro\u017enega gospodarstva kot zaposlitvene prilo\u017enosti za nizkokvalificirane odrasle osebe, ki so izklju\u010dene s trga dela, iz drugih proizvodnih sektorjev.<\/p>\n","protected":false},"excerpt":{"rendered":"<p>Kro\u017eno gospodarstvo predstavlja prilo\u017enost za odpravo neravnovesij in gro\u017eenj na trgu dela. Pri\u010dakuje se, da bodo politike kro\u017enega gospodarstva pomagale zmanj\u0161ati vplive na okolje in hkrati ustvarjale vi\u0161jo stopnjo zaposlenosti. S prehodom na bolj kro\u017eno gospodarstvo naj bi se BDP v EU do leta 2030 pove\u010dal za skoraj 0,5 %. Glede na poro\u010dilo Cambridge Econometrics, [&hellip;]<\/p>\n","protected":false},"author":1,"featured_media":0,"parent":0,"menu_order":0,"comment_status":"closed","ping_status":"closed","template":"","meta":[],"_links":{"self":[{"href":"https:\/\/ce-iperasmus.eu\/sl\/wp-json\/wp\/v2\/pages\/49"}],"collection":[{"href":"https:\/\/ce-iperasmus.eu\/sl\/wp-json\/wp\/v2\/pages"}],"about":[{"href":"https:\/\/ce-iperasmus.eu\/sl\/wp-json\/wp\/v2\/types\/page"}],"author":[{"embeddable":true,"href":"https:\/\/ce-iperasmus.eu\/sl\/wp-json\/wp\/v2\/users\/1"}],"replies":[{"embeddable":true,"href":"https:\/\/ce-iperasmus.eu\/sl\/wp-json\/wp\/v2\/comments?post=49"}],"version-history":[{"count":1,"href":"https:\/\/ce-iperasmus.eu\/sl\/wp-json\/wp\/v2\/pages\/49\/revisions"}],"predecessor-version":[{"id":50,"href":"https:\/\/ce-iperasmus.eu\/sl\/wp-json\/wp\/v2\/pages\/49\/revisions\/50"}],"wp:attachment":[{"href":"https:\/\/ce-iperasmus.eu\/sl\/wp-json\/wp\/v2\/media?parent=49"}],"curies":[{"name":"wp","href":"https:\/\/api.w.org\/{rel}","templated":true}]}}