{"id":45,"date":"2023-06-22T06:13:03","date_gmt":"2023-06-22T06:13:03","guid":{"rendered":"https:\/\/ce-iperasmus.eu\/sl\/?page_id=45"},"modified":"2023-06-22T06:13:34","modified_gmt":"2023-06-22T06:13:34","slug":"%ce%ba%ce%bf%ce%b9%ce%bd%ce%bf%cf%80%cf%81%ce%b1%ce%be%ce%af%ce%b1","status":"publish","type":"page","link":"https:\/\/ce-iperasmus.eu\/sl\/%ce%ba%ce%bf%ce%b9%ce%bd%ce%bf%cf%80%cf%81%ce%b1%ce%be%ce%af%ce%b1\/","title":{"rendered":"Konzorcij"},"content":{"rendered":"\n<div class=\"wp-block-columns is-layout-flex wp-container-3\">\n<div class=\"wp-block-column is-layout-flow\">\n<figure class=\"wp-block-image size-full\"><a href=\"www.uji.es\"><img decoding=\"async\" loading=\"lazy\" width=\"600\" height=\"400\" src=\"http:\/\/ce-iperasmus.eu\/sl\/wp-content\/uploads\/2023\/06\/uji.jpg\" alt=\"\" class=\"wp-image-44\" srcset=\"https:\/\/ce-iperasmus.eu\/sl\/wp-content\/uploads\/2023\/06\/uji.jpg 600w, https:\/\/ce-iperasmus.eu\/sl\/wp-content\/uploads\/2023\/06\/uji-300x200.jpg 300w\" sizes=\"(max-width: 600px) 100vw, 600px\" \/><\/a><\/figure>\n\n\n\n<p class=\"has-text-align-center\"><a href=\"http:\/\/www.uji.es\/\"><strong>UNIVERSITAT JAUME I DE CASTELL\u00d3<\/strong><br>UJI<br>Av. Sos Baynat s\/n<br>12006 Castell\u00f3 de la Plana<br>SPAIN<br>www.uji.es<\/a><\/p>\n<\/div>\n\n\n\n<div class=\"wp-block-column is-layout-flow\">\n<figure class=\"wp-block-image size-full\"><a href=\"www.aegare.org\"><img decoding=\"async\" loading=\"lazy\" width=\"600\" height=\"400\" src=\"http:\/\/ce-iperasmus.eu\/sl\/wp-content\/uploads\/2023\/06\/AEGARE-ok.png\" alt=\"\" class=\"wp-image-40\" srcset=\"https:\/\/ce-iperasmus.eu\/sl\/wp-content\/uploads\/2023\/06\/AEGARE-ok.png 600w, https:\/\/ce-iperasmus.eu\/sl\/wp-content\/uploads\/2023\/06\/AEGARE-ok-300x200.png 300w\" sizes=\"(max-width: 600px) 100vw, 600px\" \/><\/a><\/figure>\n\n\n\n<p class=\"has-text-align-center\"><a href=\"http:\/\/www.aegare.org\/\"><strong>ASOCIACI\u00d3N DE EMPRESARIOS GALLEGOS DE ARAG\u00d3N Y RIBERAS DEL EBRO<\/strong><br>AEGARE<br>P.\u00ba CONSTITUCI\u00d3N, 29, DUPDO, 1.\u00ba IZDA.<br>50001 Zaragoza<br>SPAIN<br>www.aegare.org<\/a><\/p>\n<\/div>\n<\/div>\n\n\n\n<div class=\"wp-block-columns is-layout-flex wp-container-6\">\n<div class=\"wp-block-column is-layout-flow\">\n<figure class=\"wp-block-image size-full\"><a href=\"www.cbs.de\"><img decoding=\"async\" loading=\"lazy\" width=\"600\" height=\"400\" src=\"http:\/\/ce-iperasmus.eu\/sl\/wp-content\/uploads\/2023\/06\/CBS-ok.png\" alt=\"\" class=\"wp-image-41\" srcset=\"https:\/\/ce-iperasmus.eu\/sl\/wp-content\/uploads\/2023\/06\/CBS-ok.png 600w, https:\/\/ce-iperasmus.eu\/sl\/wp-content\/uploads\/2023\/06\/CBS-ok-300x200.png 300w\" sizes=\"(max-width: 600px) 100vw, 600px\" \/><\/a><\/figure>\n\n\n\n<p class=\"has-text-align-center\"><a href=\"http:\/\/www.cbs.de\/\"><strong>CBS INTERNATIONAL\u00a0BUSINESS SCHOOL<\/strong><br>CBS<br>Hardefuststr, 1<br>50677 K\u00f6ln<br>GERMANY<br>www.cbs.de<\/a><\/p>\n<\/div>\n\n\n\n<div class=\"wp-block-column is-layout-flow\">\n<figure class=\"wp-block-image size-full\"><a href=\"www.cnipapuglia.it\"><img decoding=\"async\" loading=\"lazy\" width=\"600\" height=\"400\" src=\"http:\/\/ce-iperasmus.eu\/sl\/wp-content\/uploads\/2023\/06\/cnipa.png\" alt=\"\" class=\"wp-image-42\" srcset=\"https:\/\/ce-iperasmus.eu\/sl\/wp-content\/uploads\/2023\/06\/cnipa.png 600w, https:\/\/ce-iperasmus.eu\/sl\/wp-content\/uploads\/2023\/06\/cnipa-300x200.png 300w\" sizes=\"(max-width: 600px) 100vw, 600px\" \/><\/a><\/figure>\n\n\n\n<p class=\"has-text-align-center\"><a href=\"http:\/\/www.cnipapuglia.it\/\"><strong>CNIPA PLUGIA<\/strong><br>Corso Italia, 19<br>70124 Bari<br>ITALY<br>www.cnipapuglia.it<\/a><\/p>\n<\/div>\n<\/div>\n\n\n\n<div class=\"wp-block-columns is-layout-flex wp-container-9\">\n<div class=\"wp-block-column is-layout-flow\">\n<figure class=\"wp-block-image size-full\"><a href=\"www.fifty-fifty.gr\"><img decoding=\"async\" loading=\"lazy\" width=\"600\" height=\"400\" src=\"http:\/\/ce-iperasmus.eu\/sl\/wp-content\/uploads\/2023\/06\/50-50.jpg\" alt=\"\" class=\"wp-image-39\" srcset=\"https:\/\/ce-iperasmus.eu\/sl\/wp-content\/uploads\/2023\/06\/50-50.jpg 600w, https:\/\/ce-iperasmus.eu\/sl\/wp-content\/uploads\/2023\/06\/50-50-300x200.jpg 300w\" sizes=\"(max-width: 600px) 100vw, 600px\" \/><\/a><\/figure>\n\n\n\n<p class=\"has-text-align-center\"><a href=\"http:\/\/www.fifty-fifty.gr\/\"><strong>INSTITOYTO KOINONIKIS KAINOTOMIAS KAI SYNOXIS<\/strong><br><strong>(SOCIAL INNOVATION AND COHESION INSTITUTE)<\/strong><br>Fifty-Fifty<br>Poseidonos Str 26<br>542 50 Salonica<br>GREECE<br>www.fifty-fifty.gr<\/a><\/p>\n<\/div>\n\n\n\n<div class=\"wp-block-column is-layout-flow\">\n<figure class=\"wp-block-image size-full\"><a href=\"www.ra-sotla.si\"><img decoding=\"async\" loading=\"lazy\" width=\"600\" height=\"400\" src=\"http:\/\/ce-iperasmus.eu\/sl\/wp-content\/uploads\/2023\/06\/sotla.png\" alt=\"\" class=\"wp-image-43\" srcset=\"https:\/\/ce-iperasmus.eu\/sl\/wp-content\/uploads\/2023\/06\/sotla.png 600w, https:\/\/ce-iperasmus.eu\/sl\/wp-content\/uploads\/2023\/06\/sotla-300x200.png 300w\" sizes=\"(max-width: 600px) 100vw, 600px\" \/><\/a><\/figure>\n\n\n\n<p class=\"has-text-align-center\"><a href=\"http:\/\/www.ra-sotla.si\/\"><strong>AZVOJNA AGENCIJA SOTLA<\/strong><br>SOTLA<br>Askercev trg 24<br>SI3240 Smarje pri Jelsah<br>SLOVENIA<br>www.ra-sotla.si<\/a><\/p>\n<\/div>\n<\/div>\n","protected":false},"excerpt":{"rendered":"<p>UNIVERSITAT JAUME I DE CASTELL\u00d3UJIAv. Sos Baynat s\/n12006 Castell\u00f3 de la PlanaSPAINwww.uji.es ASOCIACI\u00d3N DE EMPRESARIOS GALLEGOS DE ARAG\u00d3N Y RIBERAS DEL EBROAEGAREP.\u00ba CONSTITUCI\u00d3N, 29, DUPDO, 1.\u00ba IZDA.50001 ZaragozaSPAINwww.aegare.org CBS INTERNATIONAL\u00a0BUSINESS SCHOOLCBSHardefuststr, 150677 K\u00f6lnGERMANYwww.cbs.de CNIPA PLUGIACorso Italia, 1970124 BariITALYwww.cnipapuglia.it INSTITOYTO KOINONIKIS KAINOTOMIAS KAI SYNOXIS(SOCIAL INNOVATION AND COHESION INSTITUTE)Fifty-FiftyPoseidonos Str 26542 50 SalonicaGREECEwww.fifty-fifty.gr AZVOJNA AGENCIJA SOTLASOTLAAskercev trg [&hellip;]<\/p>\n","protected":false},"author":1,"featured_media":0,"parent":0,"menu_order":0,"comment_status":"closed","ping_status":"closed","template":"","meta":[],"_links":{"self":[{"href":"https:\/\/ce-iperasmus.eu\/sl\/wp-json\/wp\/v2\/pages\/45"}],"collection":[{"href":"https:\/\/ce-iperasmus.eu\/sl\/wp-json\/wp\/v2\/pages"}],"about":[{"href":"https:\/\/ce-iperasmus.eu\/sl\/wp-json\/wp\/v2\/types\/page"}],"author":[{"embeddable":true,"href":"https:\/\/ce-iperasmus.eu\/sl\/wp-json\/wp\/v2\/users\/1"}],"replies":[{"embeddable":true,"href":"https:\/\/ce-iperasmus.eu\/sl\/wp-json\/wp\/v2\/comments?post=45"}],"version-history":[{"count":2,"href":"https:\/\/ce-iperasmus.eu\/sl\/wp-json\/wp\/v2\/pages\/45\/revisions"}],"predecessor-version":[{"id":47,"href":"https:\/\/ce-iperasmus.eu\/sl\/wp-json\/wp\/v2\/pages\/45\/revisions\/47"}],"wp:attachment":[{"href":"https:\/\/ce-iperasmus.eu\/sl\/wp-json\/wp\/v2\/media?parent=45"}],"curies":[{"name":"wp","href":"https:\/\/api.w.org\/{rel}","templated":true}]}}