{"id":33,"date":"2023-06-21T19:42:32","date_gmt":"2023-06-21T19:42:32","guid":{"rendered":"https:\/\/ce-iperasmus.eu\/sl\/?page_id=33"},"modified":"2023-06-21T20:04:28","modified_gmt":"2023-06-21T20:04:28","slug":"krozno-gospodarstvo-v-praksi","status":"publish","type":"page","link":"https:\/\/ce-iperasmus.eu\/sl\/","title":{"rendered":"Kro\u017eno gospodarstvo v praksi"},"content":{"rendered":"\n<p>Kro\u017eno gospodarstvo je prilo\u017enost za odpravljanje neravnovesij in gro\u017eenj na trgu dela. Politike kro\u017enega gospodarstva naj bi pripomogle k zmanj\u0161anju vplivov na okolje in hkrati ustvarjale vi\u0161jo stopnjo zaposlenosti. S prehodom na bolj kro\u017eno gospodarstvo naj bi se BDP v EU do leta 2030 pove\u010dal za skoraj 0,5 %. Glede na poro\u010dilo Cambridge Econometrics, Trinomics in ICF (2018) bo neto pove\u010danje ocenjenih poklicev zna\u0161alo pribli\u017eno 700.000.<\/p>\n\n\n\n<p>V prihodnjih letih se bo obseg sektorjev, ki proizvajajo in predelujejo surovine, zmanj\u0161al, medtem ko bodo sektorji ravnanja z odpadki, recikliranja in popravil do\u017eiveli dodatno rast.<\/p>\n\n\n\n<p>\u010ce naj bi se izvajalo trajnostno kro\u017eno gospodarstvo, je za njegov uspeh klju\u010dnega pomena kakovost tak\u0161nega dela, izbolj\u0161anje te kakovosti pa z izbolj\u0161anjem znanja in spretnosti delavcev, vklju\u010dno z okoljskimi in zdravstvenimi ter varnostnimi znanji in spretnostmi.<\/p>\n\n\n\n<p><a href=\"https:\/\/erasmus-plus.ec.europa.eu\/projects\/eplus-project-details#project\/2020-1-ES01-KA204-082082\">Datoteka projekta<\/a><\/p>\n","protected":false},"excerpt":{"rendered":"<p>Kro\u017eno gospodarstvo je prilo\u017enost za odpravljanje neravnovesij in gro\u017eenj na trgu dela. Politike kro\u017enega gospodarstva naj bi pripomogle k zmanj\u0161anju vplivov na okolje in hkrati ustvarjale vi\u0161jo stopnjo zaposlenosti. S prehodom na bolj kro\u017eno gospodarstvo naj bi se BDP v EU do leta 2030 pove\u010dal za skoraj 0,5 %. Glede na poro\u010dilo Cambridge Econometrics, Trinomics [&hellip;]<\/p>\n","protected":false},"author":1,"featured_media":0,"parent":0,"menu_order":0,"comment_status":"closed","ping_status":"closed","template":"","meta":[],"_links":{"self":[{"href":"https:\/\/ce-iperasmus.eu\/sl\/wp-json\/wp\/v2\/pages\/33"}],"collection":[{"href":"https:\/\/ce-iperasmus.eu\/sl\/wp-json\/wp\/v2\/pages"}],"about":[{"href":"https:\/\/ce-iperasmus.eu\/sl\/wp-json\/wp\/v2\/types\/page"}],"author":[{"embeddable":true,"href":"https:\/\/ce-iperasmus.eu\/sl\/wp-json\/wp\/v2\/users\/1"}],"replies":[{"embeddable":true,"href":"https:\/\/ce-iperasmus.eu\/sl\/wp-json\/wp\/v2\/comments?post=33"}],"version-history":[{"count":2,"href":"https:\/\/ce-iperasmus.eu\/sl\/wp-json\/wp\/v2\/pages\/33\/revisions"}],"predecessor-version":[{"id":37,"href":"https:\/\/ce-iperasmus.eu\/sl\/wp-json\/wp\/v2\/pages\/33\/revisions\/37"}],"wp:attachment":[{"href":"https:\/\/ce-iperasmus.eu\/sl\/wp-json\/wp\/v2\/media?parent=33"}],"curies":[{"name":"wp","href":"https:\/\/api.w.org\/{rel}","templated":true}]}}