{"id":37,"date":"2023-06-21T22:56:59","date_gmt":"2023-06-21T22:56:59","guid":{"rendered":"https:\/\/ce-iperasmus.eu\/es\/?page_id=37"},"modified":"2023-06-21T22:56:59","modified_gmt":"2023-06-21T22:56:59","slug":"nuestro-proyecto","status":"publish","type":"page","link":"https:\/\/ce-iperasmus.eu\/es\/nuestro-proyecto\/","title":{"rendered":"Nuestro Proyecto"},"content":{"rendered":"\n<p>La Econom\u00eda Circular representa una oportunidad para abordar los desequilibrios y amenazas del mercado laboral. Se espera que las pol\u00edticas de Econom\u00eda Circular ayuden a reducir los impactos ambientales mientras generan mayores niveles de empleo. Avanzando hacia una econom\u00eda m\u00e1s circular, se prev\u00e9 que el PIB de la UE aumente casi un 0,5 % para 2030. Seg\u00fan el informe de Cambridge Econometrics, Trinomics e ICF (2018), el aumento neto en las ocupaciones estimadas ser\u00e1 de aproximadamente 700.000.<\/p>\n\n\n\n<p>En los pr\u00f3ximos a\u00f1os, los sectores que producen y procesan materias primas disminuir\u00e1n de tama\u00f1o, mientras que los Sectores de Gesti\u00f3n de residuos, Reciclaje y Reparaci\u00f3n experimentar\u00e1n un crecimiento adicional.<\/p>\n\n\n\n<p>Si se va a implementar una Econom\u00eda Circular sostenible, la calidad de dicho trabajo es primordial para su \u00e9xito, mejorando esa calidad mejorando las habilidades de los trabajadores, incluidas las habilidades ambientales y de salud y seguridad.<\/p>\n\n\n\n<p>Por esta raz\u00f3n, el proyecto CE-IP tiene como objetivo desarrollar nuevas soluciones de capacitaci\u00f3n que puedan ayudar a igualar la expansi\u00f3n esperada de oportunidades de empleo verde con trabajadores calificados, para promover un cambio hacia una econom\u00eda m\u00e1s sostenible.<\/p>\n\n\n\n<p>Nuestro proyecto brinda soluciones de capacitaci\u00f3n relacionadas con los trabajos existentes en el sector del reciclaje y nuevas oportunidades de trabajo verdes y justas para adultos poco calificados, incluidos los j\u00f3venes desempleados.<\/p>\n\n\n\n<p>Las actividades a desarrollar se enfocar\u00e1n en la generaci\u00f3n de nuevas habilidades y oportunidades para acceder a ocupaciones verdes y justas, principalmente relacionadas con la econom\u00eda circular en cuanto a la gesti\u00f3n de residuos de prendas.<\/p>\n\n\n\n<p>Por ello, el proyecto se centrar\u00e1 en la econom\u00eda circular en el sector textil.<\/p>\n\n\n\n<p>Los grupos objetivo del proyecto son:<\/p>\n\n\n\n<ul>\n<li>Trabajadores aut\u00f3nomos, desempleados y de baja cualificaci\u00f3n que procedan de otros sectores productivos.<\/li>\n\n\n\n<li>Formadores de sistemas de educaci\u00f3n continua que imparten cursos para adultos relacionados con nuevas oportunidades laborales.<\/li>\n<\/ul>\n\n\n\n<p>Otros objetivos son:<\/p>\n\n\n\n<ul>\n<li>Fomento del autoempleo relacionado con estas actividades en trabajadores poco cualificados.<\/li>\n\n\n\n<li>Creaci\u00f3n de nuevas soluciones formativas innovadoras relacionadas con oportunidades en la econom\u00eda circular.<\/li>\n<\/ul>\n\n\n\n<p>La Asociaci\u00f3n que desarrollar\u00e1 el proyecto est\u00e1 formada por seis organizaciones de cinco pa\u00edses:<\/p>\n\n\n\n<ul>\n<li>Universidad Jaume I de Castell\u00f3n como l\u00edder del proyecto (Espa\u00f1a).<\/li>\n\n\n\n<li>AEGARE- Asociaci\u00f3n de Empresarios Gallegos de Arag\u00f3n y la Ribera del Ebro (Espa\u00f1a).<\/li>\n\n\n\n<li>Escuela de Negocios de Colonia (Alemania).<\/li>\n\n\n\n<li>Instituto de Cohesi\u00f3n e Innovaci\u00f3n Social (Grecia).<\/li>\n\n\n\n<li>Agencia Razvojna Sotla (Eslovenia).<\/li>\n\n\n\n<li>CNIPA Puglia (Italia).<\/li>\n<\/ul>\n\n\n\n<p>Ha habido un curso sobre conceptos clave en Econom\u00eda Circular dirigido a 18 expertos en sostenibilidad de organizaciones socias para intercambiar ideas y generar un entendimiento mutuo de los conceptos clave de econom\u00eda circular y sostenibilidad.<\/p>\n\n\n\n<p>Adem\u00e1s, se generar\u00e1n los siguientes resultados intelectuales:<\/p>\n\n\n\n<p>O1. Gu\u00eda de formaci\u00f3n en estrategias de gesti\u00f3n de econom\u00eda circular para microempresas.<br>O2. Recursos de formaci\u00f3n multimedia 360\u00ba basados en la web sobre buenas pr\u00e1cticas y formas innovadoras de prolongar la vida \u00fatil de los productos textiles.<br>O3. Curso de formaci\u00f3n e-learning para formadores en econom\u00eda circular.<br>Dentro del desarrollo de este producto intelectual, se lanzar\u00e1 un curso piloto para 60 formadores, cuyo resultado final ser\u00e1 que cada formador dise\u00f1ar\u00e1 un curso de formaci\u00f3n para adultos no cualificados.<\/p>\n\n\n\n<p>180 desempleados, aut\u00f3nomos y trabajadores poco cualificados participar\u00e1n en las pruebas de los resultados intelectuales del proyecto.<\/p>\n\n\n\n<p>Como resultado de la ejecuci\u00f3n del proyecto se espera:<\/p>\n\n\n\n<ul>\n<li>El desarrollo de las competencias docentes de formadores de adultos relacionados con la econom\u00eda circular.<\/li>\n\n\n\n<li>Soluciones formativas innovadoras en este campo mediante el uso de tecnolog\u00edas digitales.<\/li>\n\n\n\n<li>Fomentar la econom\u00eda circular a trav\u00e9s de la generaci\u00f3n de microempresas en la actividad de gesti\u00f3n de residuos de prendas (sector textil).<\/li>\n\n\n\n<li>Desarrollo y difusi\u00f3n de la econom\u00eda circular como oportunidad de empleo para adultos poco cualificados en situaci\u00f3n de exclusi\u00f3n del mercado laboral, de otros sectores productivos.<\/li>\n<\/ul>\n","protected":false},"excerpt":{"rendered":"<p>La Econom\u00eda Circular representa una oportunidad para abordar los desequilibrios y amenazas del mercado laboral. Se espera que las pol\u00edticas de Econom\u00eda Circular ayuden a reducir los impactos ambientales mientras generan mayores niveles de empleo. Avanzando hacia una econom\u00eda m\u00e1s circular, se prev\u00e9 que el PIB de la UE aumente casi un 0,5 % para [&hellip;]<\/p>\n","protected":false},"author":1,"featured_media":0,"parent":0,"menu_order":0,"comment_status":"closed","ping_status":"closed","template":"","meta":[],"_links":{"self":[{"href":"https:\/\/ce-iperasmus.eu\/es\/wp-json\/wp\/v2\/pages\/37"}],"collection":[{"href":"https:\/\/ce-iperasmus.eu\/es\/wp-json\/wp\/v2\/pages"}],"about":[{"href":"https:\/\/ce-iperasmus.eu\/es\/wp-json\/wp\/v2\/types\/page"}],"author":[{"embeddable":true,"href":"https:\/\/ce-iperasmus.eu\/es\/wp-json\/wp\/v2\/users\/1"}],"replies":[{"embeddable":true,"href":"https:\/\/ce-iperasmus.eu\/es\/wp-json\/wp\/v2\/comments?post=37"}],"version-history":[{"count":1,"href":"https:\/\/ce-iperasmus.eu\/es\/wp-json\/wp\/v2\/pages\/37\/revisions"}],"predecessor-version":[{"id":38,"href":"https:\/\/ce-iperasmus.eu\/es\/wp-json\/wp\/v2\/pages\/37\/revisions\/38"}],"wp:attachment":[{"href":"https:\/\/ce-iperasmus.eu\/es\/wp-json\/wp\/v2\/media?parent=37"}],"curies":[{"name":"wp","href":"https:\/\/api.w.org\/{rel}","templated":true}]}}