{"id":24,"date":"2023-06-21T06:13:27","date_gmt":"2023-06-21T06:13:27","guid":{"rendered":"https:\/\/ce-iperasmus.eu\/es\/?page_id=24"},"modified":"2023-06-21T18:40:11","modified_gmt":"2023-06-21T18:40:11","slug":"economia-circular-en-la-practica","status":"publish","type":"page","link":"https:\/\/ce-iperasmus.eu\/es\/","title":{"rendered":"Econom\u00eda Circular en la pr\u00e1ctica"},"content":{"rendered":"\n<p>La Econom\u00eda Circular representa una oportunidad para abordar los desequilibrios y amenazas del mercado laboral. Se espera que las pol\u00edticas de Econom\u00eda Circular ayuden a reducir los impactos ambientales mientras generan mayores niveles de empleo. Avanzando hacia una econom\u00eda m\u00e1s circular, se prev\u00e9 que el PIB de la UE aumente casi un 0,5 % para 2030. Seg\u00fan el informe de Cambridge Econometrics, Trinomics e ICF (2018), el aumento neto en las ocupaciones estimadas ser\u00e1 de aproximadamente 700.000.<br>En los pr\u00f3ximos a\u00f1os, los sectores que producen y procesan materias primas disminuir\u00e1n de tama\u00f1o, mientras que los sectores de gesti\u00f3n de residuos, reciclaje y reparaci\u00f3n experimentar\u00e1n un crecimiento adicional.<\/p>\n\n\n\n<p>Si se va a implementar una Econom\u00eda Circular sostenible, la calidad de dicho trabajo es primordial para su \u00e9xito, mejorando esa calidad mejorando las habilidades de los trabajadores, incluidas las habilidades ambientales y de salud y seguridad.<\/p>\n\n\n\n<p><a href=\"https:\/\/erasmus-plus.ec.europa.eu\/projects\/eplus-project-details#project\/2020-1-ES01-KA204-082082\">Ficha del proyecto<\/a><\/p>\n","protected":false},"excerpt":{"rendered":"<p>La Econom\u00eda Circular representa una oportunidad para abordar los desequilibrios y amenazas del mercado laboral. Se espera que las pol\u00edticas de Econom\u00eda Circular ayuden a reducir los impactos ambientales mientras generan mayores niveles de empleo. Avanzando hacia una econom\u00eda m\u00e1s circular, se prev\u00e9 que el PIB de la UE aumente casi un 0,5 % para [&hellip;]<\/p>\n","protected":false},"author":1,"featured_media":0,"parent":0,"menu_order":0,"comment_status":"closed","ping_status":"closed","template":"","meta":[],"_links":{"self":[{"href":"https:\/\/ce-iperasmus.eu\/es\/wp-json\/wp\/v2\/pages\/24"}],"collection":[{"href":"https:\/\/ce-iperasmus.eu\/es\/wp-json\/wp\/v2\/pages"}],"about":[{"href":"https:\/\/ce-iperasmus.eu\/es\/wp-json\/wp\/v2\/types\/page"}],"author":[{"embeddable":true,"href":"https:\/\/ce-iperasmus.eu\/es\/wp-json\/wp\/v2\/users\/1"}],"replies":[{"embeddable":true,"href":"https:\/\/ce-iperasmus.eu\/es\/wp-json\/wp\/v2\/comments?post=24"}],"version-history":[{"count":1,"href":"https:\/\/ce-iperasmus.eu\/es\/wp-json\/wp\/v2\/pages\/24\/revisions"}],"predecessor-version":[{"id":26,"href":"https:\/\/ce-iperasmus.eu\/es\/wp-json\/wp\/v2\/pages\/24\/revisions\/26"}],"wp:attachment":[{"href":"https:\/\/ce-iperasmus.eu\/es\/wp-json\/wp\/v2\/media?parent=24"}],"curies":[{"name":"wp","href":"https:\/\/api.w.org\/{rel}","templated":true}]}}