{"id":48,"date":"2023-06-21T19:30:06","date_gmt":"2023-06-21T19:30:06","guid":{"rendered":"https:\/\/ce-iperasmus.eu\/de\/?page_id=48"},"modified":"2023-06-23T01:40:36","modified_gmt":"2023-06-23T01:40:36","slug":"die-kreislaufwirtschaft-in-der-praxis","status":"publish","type":"page","link":"https:\/\/ce-iperasmus.eu\/de\/","title":{"rendered":"Die Kreislaufwirtschaft in der Praxis"},"content":{"rendered":"\n<p>Die Kreislaufwirtschaft bietet die M\u00f6glichkeit, Ungleichgewichte auf dem Arbeitsmarkt zu beseitigen. Es wird erwartet, dass die Kreislaufwirtschaft dazu beitr\u00e4gt, die Umweltauswirkungen zu verringern und gleichzeitig ein h\u00f6heres Besch\u00e4ftigungsniveau zu schaffen. Auf dem Weg zu einer st\u00e4rker kreislauforientierten Wirtschaft wird das BIP in der EU bis 2030 voraussichtlich um fast 0,5 % steigen. Laut dem Bericht von Cambridge Econometrics, Trinomics und ICF (2018) wird der Nettozuwachs an gesch\u00e4tzten Arbeitspl\u00e4tzen etwa 700.000 betragen.<\/p>\n\n\n\n<p>In den kommenden Jahren werden die Branchen, die Rohstoffe produzieren und verarbeiten, an Gr\u00f6\u00dfe verlieren, w\u00e4hrend die Branchen Abfallwirtschaft, Recycling und Reparatur zus\u00e4tzliches Wachstum erfahren werden.<\/p>\n\n\n\n<p>Wenn eine nachhaltige Kreislaufwirtschaft verwirklicht werden soll, ist die Qualit\u00e4t dieser Arbeit von entscheidender Bedeutung f\u00fcr ihren Erfolg, und diese Qualit\u00e4t kann durch die Verbesserung der Qualifikationen der Arbeitnehmer, einschlie\u00dflich der Kenntnisse in den Bereichen Umwelt, Gesundheit und Sicherheit, verbessert werden.<\/p>\n\n\n\n<p><a href=\"https:\/\/erasmus-plus.ec.europa.eu\/projects\/eplus-project-details#project\/2020-1-ES01-KA204-082082\">Projektdatei<\/a><\/p>\n","protected":false},"excerpt":{"rendered":"<p>Die Kreislaufwirtschaft bietet die M\u00f6glichkeit, Ungleichgewichte auf dem Arbeitsmarkt zu beseitigen. Es wird erwartet, dass die Kreislaufwirtschaft dazu beitr\u00e4gt, die Umweltauswirkungen zu verringern und gleichzeitig ein h\u00f6heres Besch\u00e4ftigungsniveau zu schaffen. Auf dem Weg zu einer st\u00e4rker kreislauforientierten Wirtschaft wird das BIP in der EU bis 2030 voraussichtlich um fast 0,5 % steigen. Laut dem Bericht [&hellip;]<\/p>\n","protected":false},"author":1,"featured_media":0,"parent":0,"menu_order":0,"comment_status":"closed","ping_status":"closed","template":"","meta":[],"_links":{"self":[{"href":"https:\/\/ce-iperasmus.eu\/de\/wp-json\/wp\/v2\/pages\/48"}],"collection":[{"href":"https:\/\/ce-iperasmus.eu\/de\/wp-json\/wp\/v2\/pages"}],"about":[{"href":"https:\/\/ce-iperasmus.eu\/de\/wp-json\/wp\/v2\/types\/page"}],"author":[{"embeddable":true,"href":"https:\/\/ce-iperasmus.eu\/de\/wp-json\/wp\/v2\/users\/1"}],"replies":[{"embeddable":true,"href":"https:\/\/ce-iperasmus.eu\/de\/wp-json\/wp\/v2\/comments?post=48"}],"version-history":[{"count":2,"href":"https:\/\/ce-iperasmus.eu\/de\/wp-json\/wp\/v2\/pages\/48\/revisions"}],"predecessor-version":[{"id":51,"href":"https:\/\/ce-iperasmus.eu\/de\/wp-json\/wp\/v2\/pages\/48\/revisions\/51"}],"wp:attachment":[{"href":"https:\/\/ce-iperasmus.eu\/de\/wp-json\/wp\/v2\/media?parent=48"}],"curies":[{"name":"wp","href":"https:\/\/api.w.org\/{rel}","templated":true}]}}